{"id":59,"date":"2023-07-20T12:06:26","date_gmt":"2023-07-20T10:06:26","guid":{"rendered":"https:\/\/nueva.lenguasabroad.com\/?page_id=59"},"modified":"2023-10-25T11:51:31","modified_gmt":"2023-10-25T09:51:31","slug":"politica-de-privacidad","status":"publish","type":"page","link":"https:\/\/lenguasabroad.com\/en\/politica-de-privacidad\/","title":{"rendered":"Privacy policy"},"content":{"rendered":"<div data-elementor-type=\"wp-page\" data-elementor-id=\"59\" class=\"elementor elementor-59\" data-elementor-post-type=\"page\">\n\t\t\t\t\t\t<section class=\"elementor-section elementor-top-section elementor-element elementor-element-57f988c elementor-section-boxed elementor-section-height-default elementor-section-height-default\" data-id=\"57f988c\" data-element_type=\"section\">\n\t\t\t\t\t\t<div class=\"elementor-container elementor-column-gap-default\">\n\t\t\t\t\t<div class=\"elementor-column elementor-col-100 elementor-top-column elementor-element elementor-element-d03a9c3\" data-id=\"d03a9c3\" data-element_type=\"column\">\n\t\t\t<div class=\"elementor-widget-wrap elementor-element-populated\">\n\t\t\t\t\t\t<div class=\"elementor-element elementor-element-d73f4b2 elementor-widget elementor-widget-heading\" data-id=\"d73f4b2\" data-element_type=\"widget\" data-widget_type=\"heading.default\">\n\t\t\t\t<div class=\"elementor-widget-container\">\n\t\t\t\t\t<h1 class=\"elementor-heading-title elementor-size-default\">Privacy policy<\/h1>\t\t\t\t<\/div>\n\t\t\t\t<\/div>\n\t\t\t\t<div class=\"elementor-element elementor-element-004371b elementor-widget elementor-widget-text-editor\" data-id=\"004371b\" data-element_type=\"widget\" data-widget_type=\"text-editor.default\">\n\t\t\t\t<div class=\"elementor-widget-container\">\n\t\t\t\t\t\t\t\t\t<p>Lenguas Abroad, S.L., en adelante, <i>EMPRESA<\/i><em>,\u00a0<\/em>como responsable del presente Sitio Web, ha adecuado esta web a las exigencias de la LOPD (Ley Org\u00e1nica de Protecci\u00f3n de Datos) y a la LSSI-CE (Ley de la Sociedad de la informaci\u00f3n y el Comercio Electr\u00f3nico)<\/p><p><i>EMPRESA<\/i>\u00a0ha adoptado todas las medidas t\u00e9cnicas y de organizaci\u00f3n necesarias para garantizar la seguridad e integridad de los datos de car\u00e1cter personal que trate, as\u00ed como para evitar su p\u00e9rdida, alteraci\u00f3n y\/o acceso por parte de terceros no autorizados.<\/p><p>\u00a0<\/p><h5>Finalidad de los datos recabados y consentimiento al tratamiento<\/h5><p>Se informa al Usuario, seg\u00fan lo establecido en el art\u00edculo 5\u00a0 de la LOPD que, a trav\u00e9s de los formularios de contacto, o suscripciones se recaban datos que se almacenan en el fichero antes indicado, con las siguientes finalidades:<\/p><ul><li>Remitir el bolet\u00edn de noticias de la p\u00e1gina web.<\/li><li>Tramitar encargos, solicitudes o cualquier tipo de petici\u00f3n que sea realizada por el usuario a trav\u00e9s de cualquiera de las formas de contacto que se ponen a su disposici\u00f3n en el Sitio Web.<\/li><li>Remisi\u00f3n de comunicaciones comerciales publicitarias por email relacionadas sobre productos o servicios ofrecidos por\u00a0<i>EMPRESA<\/i>, as\u00ed como por parte de los colaboradores o partners con los que \u00e9ste hubiera alcanzado alg\u00fan acuerdo de promoci\u00f3n comercial entre sus clientes. En este caso, los terceros nunca tendr\u00e1n acceso a los datos personales. En todo caso las comunicaciones comerciales ser\u00e1n realizadas por parte del Prestador y ser\u00e1n productos y servicios relacionados con el sector del Prestador.<\/li><li>Realizar estudios estad\u00edsticos.<\/li><\/ul><p>Los datos que se solicitan a trav\u00e9s del Sitio Web son obligatorios, ya que son necesarios para la prestaci\u00f3n de un servicio \u00f3ptimo al Usuario. En caso de que no sean facilitados todos los datos, el prestador no garantiza que la informaci\u00f3n y servicios facilitados sean completamente ajustados a sus necesidades.<\/p><p>El Usuario es el \u00fanico responsable de la veracidad y correcci\u00f3n de los datos que remita a al prestador, exonerando a \u00e9ste de cualquier responsabilidad al respecto. Los Usuarios garantizan y responden, en cualquier caso, de la exactitud, vigencia y autenticidad de los datos personales facilitados, y se comprometen a mantenerlos debidamente actualizados. El Usuario acepta proporcionar informaci\u00f3n completa y correcta en el formulario de contacto o suscripci\u00f3n.<\/p><p>La aceptaci\u00f3n de la pol\u00edtica de privacidad, mediante el procedimiento establecido de opt-in, se entender\u00e1 a todos los efectos como la prestaci\u00f3n de CONSENTIMIENTO T\u00c1CITO E INEQU\u00cdVOCO del Usuario al tratamiento de los datos de car\u00e1cter personal en los t\u00e9rminos que se exponen en el presente documento, as\u00ed como a la transferencia internacional de datos que se produce, exclusivamente debido a la ubicaci\u00f3n de las instalaciones de los proveedores de servicios y encargados del tratamiento de datos.<\/p><p>\u00a0<\/p><h5>Ejercicio de derechos arco: Acceso, Rectificaci\u00f3n, Cancelaci\u00f3n y Oposici\u00f3n<\/h5><p>El Usuario podr\u00e1 dirigir sus comunicaciones y ejercitar los derechos de acceso, rectificaci\u00f3n, cancelaci\u00f3n y oposici\u00f3n a trav\u00e9s del correo electr\u00f3nico: info@lenguasabroad.com junto con prueba v\u00e1lida en derecho, como fotocopia del D.N.I. o equivalente, indicando en el asunto \u201cProtecci\u00f3n de Datos\u201d.<\/p><p>Del mismo modo, el Usuario podr\u00e1 darse de baja de cualquiera de los servicios de suscripci\u00f3n facilitados haciendo clic en el apartado de darse de baja de todos los correos electr\u00f3nicos remitidos por parte del prestador.<\/p><p>Si recibe los citados correos electr\u00f3nicos es que ha dado su autorizaci\u00f3n previa, ya que el prestador no realiza pr\u00e1cticas de SPAM.<\/p><p>\u00a0<\/p><h5>Redes sociales<\/h5><p><i>EMPRESA<\/i>\u00a0ofrece al Usuario enlaces y servicio relacionados con las diferentes redes sociales. Por lo que si eres miembro de una red social y haces clic sobre el correspondiente enlace, el proveedor de la red social podr\u00e1 enlazar tus datos de perfil con la informaci\u00f3n de tu visita a la web.<\/p><p>Puedes acceder en todo momento a las pol\u00edticas de privacidad de las diferentes redes sociales, as\u00ed como configurar tu perfil para garantizar tu privacidad:<\/p><ul><li>Facebook:\u00a0<a href=\"https:\/\/www.facebook.com\/about\/privacy\/\" target=\"_blank\" rel=\"noopener\">https:\/\/www.facebook.com\/about\/privacy\/<\/a><\/li><li>Twitter:\u00a0<a href=\"https:\/\/twitter.com\/es\/privacy\" target=\"_blank\" rel=\"noopener\">https:\/\/twitter.com\/es\/privacy<\/a><\/li><li>LinkedIn:\u00a0<a href=\"https:\/\/www.linkedin.com\/legal\/privacy-policy\" target=\"_blank\" rel=\"noopener\">https:\/\/www.linkedin.com\/legal\/privacy-policy<\/a><\/li><\/ul><p>\u00a0<\/p><h5>Modificaci\u00f3n de la pol\u00edtica de privacidad<\/h5><p><i>EMPRESA<\/i>\u00a0se reserva el derecho a modificar la presente pol\u00edtica para adaptarla a novedades legislativas o jurisprudenciales as\u00ed como a pr\u00e1cticas de la industria. En dichos supuestos, el Prestador anunciar\u00e1 en esta p\u00e1gina los cambios introducidos con razonable antelaci\u00f3n a su puesta en pr\u00e1ctica<\/p>\t\t\t\t\t\t\t\t<\/div>\n\t\t\t\t<\/div>\n\t\t\t\t\t<\/div>\n\t\t<\/div>\n\t\t\t\t\t<\/div>\n\t\t<\/section>\n\t\t\t\t<\/div>","protected":false},"excerpt":{"rendered":"<p>Lenguas Abroad, S.L., en adelante, EMPRESA,\u00a0como responsable del presente Sitio Web, ha adecuado esta web a las exigencias de la LOPD (Ley Org\u00e1nica de Protecci\u00f3n de Datos) y a la LSSI-CE (Ley de la Sociedad de la informaci\u00f3n y el Comercio Electr\u00f3nico) EMPRESA\u00a0ha adoptado todas las medidas t\u00e9cnicas y de organizaci\u00f3n necesarias para garantizar la [&hellip;]<\/p>","protected":false},"author":2,"featured_media":0,"parent":0,"menu_order":0,"comment_status":"closed","ping_status":"closed","template":"","meta":{"_acf_changed":false,"footnotes":""},"class_list":["post-59","page","type-page","status-publish","hentry"],"acf":[],"_links":{"self":[{"href":"https:\/\/lenguasabroad.com\/en\/wp-json\/wp\/v2\/pages\/59","targetHints":{"allow":["GET"]}}],"collection":[{"href":"https:\/\/lenguasabroad.com\/en\/wp-json\/wp\/v2\/pages"}],"about":[{"href":"https:\/\/lenguasabroad.com\/en\/wp-json\/wp\/v2\/types\/page"}],"author":[{"embeddable":true,"href":"https:\/\/lenguasabroad.com\/en\/wp-json\/wp\/v2\/users\/2"}],"replies":[{"embeddable":true,"href":"https:\/\/lenguasabroad.com\/en\/wp-json\/wp\/v2\/comments?post=59"}],"version-history":[{"count":8,"href":"https:\/\/lenguasabroad.com\/en\/wp-json\/wp\/v2\/pages\/59\/revisions"}],"predecessor-version":[{"id":1225,"href":"https:\/\/lenguasabroad.com\/en\/wp-json\/wp\/v2\/pages\/59\/revisions\/1225"}],"wp:attachment":[{"href":"https:\/\/lenguasabroad.com\/en\/wp-json\/wp\/v2\/media?parent=59"}],"curies":[{"name":"wp","href":"https:\/\/api.w.org\/{rel}","templated":true}]}}